{"id":4,"date":"2024-04-16T04:55:23","date_gmt":"2024-04-16T04:55:23","guid":{"rendered":"https:\/\/thedrinks-show.com\/?page_id=4"},"modified":"2024-06-05T10:25:39","modified_gmt":"2024-06-05T10:25:39","slug":"home","status":"publish","type":"page","link":"https:\/\/thedrinks-show.com\/","title":{"rendered":"Home"},"content":{"rendered":"\t\t<div data-elementor-type=\"wp-page\" data-elementor-id=\"4\" class=\"elementor elementor-4\" data-elementor-post-type=\"page\">\n\t\t\t\t<div class=\"elementor-element elementor-element-37dc14e e-flex e-con-boxed e-con e-parent\" data-id=\"37dc14e\" data-element_type=\"container\">\n\t\t\t\t\t<div class=\"e-con-inner\">\n\t\t\t\t<div class=\"elementor-element elementor-element-5597fda elementor-widget elementor-widget-heading\" data-id=\"5597fda\" data-element_type=\"widget\" data-widget_type=\"heading.default\">\n\t\t\t\t<div class=\"elementor-widget-container\">\n\t\t\t<style>\/*! elementor - v3.21.0 - 15-04-2024 *\/\n.elementor-heading-title{padding:0;margin:0;line-height:1}.elementor-widget-heading .elementor-heading-title[class*=elementor-size-]>a{color:inherit;font-size:inherit;line-height:inherit}.elementor-widget-heading .elementor-heading-title.elementor-size-small{font-size:15px}.elementor-widget-heading .elementor-heading-title.elementor-size-medium{font-size:19px}.elementor-widget-heading .elementor-heading-title.elementor-size-large{font-size:29px}.elementor-widget-heading .elementor-heading-title.elementor-size-xl{font-size:39px}.elementor-widget-heading .elementor-heading-title.elementor-size-xxl{font-size:59px}<\/style><h2 class=\"elementor-heading-title elementor-size-default\">The Drinks Show es un encuentro internacional para profesionales de la hosteler\u00eda\nen el que innovaci\u00f3n y tendencias se unen para ofrecer una experiencia \u00fanica.<\/h2>\t\t<\/div>\n\t\t\t\t<\/div>\n\t\t\t\t<div class=\"elementor-element elementor-element-b68127c elementor-align-center elementor-widget elementor-widget-button\" data-id=\"b68127c\" data-element_type=\"widget\" data-widget_type=\"button.default\">\n\t\t\t\t<div class=\"elementor-widget-container\">\n\t\t\t\t\t<div class=\"elementor-button-wrapper\">\n\t\t\t<a class=\"elementor-button elementor-button-link elementor-size-sm\" href=\"#\">\n\t\t\t\t\t\t<span class=\"elementor-button-content-wrapper\">\n\t\t\t\t\t\t\t\t\t<span class=\"elementor-button-text\">Vanguardia l\u00edquida de los sentidos<\/span>\n\t\t\t\t\t<\/span>\n\t\t\t\t\t<\/a>\n\t\t<\/div>\n\t\t\t\t<\/div>\n\t\t\t\t<\/div>\n\t\t\t\t\t<\/div>\n\t\t\t\t<\/div>\n\t\t<div class=\"elementor-element elementor-element-022e27a e-con-full e-flex e-con e-parent\" data-id=\"022e27a\" data-element_type=\"container\">\n\t\t<div class=\"elementor-element elementor-element-ce8bba8 e-flex e-con-boxed e-con e-child\" data-id=\"ce8bba8\" data-element_type=\"container\" data-settings=\"{&quot;background_background&quot;:&quot;classic&quot;}\">\n\t\t\t\t\t<div class=\"e-con-inner\">\n\t\t\t\t<div class=\"elementor-element elementor-element-c3df9cf elementor-widget elementor-widget-heading\" data-id=\"c3df9cf\" data-element_type=\"widget\" data-widget_type=\"heading.default\">\n\t\t\t\t<div class=\"elementor-widget-container\">\n\t\t\t<h2 class=\"elementor-heading-title elementor-size-default\">DESTILADOS<\/h2>\t\t<\/div>\n\t\t\t\t<\/div>\n\t\t\t\t\t<\/div>\n\t\t\t\t<\/div>\n\t\t<div class=\"elementor-element elementor-element-ad98874 e-flex e-con-boxed e-con e-child\" data-id=\"ad98874\" data-element_type=\"container\" data-settings=\"{&quot;background_background&quot;:&quot;classic&quot;}\">\n\t\t\t\t\t<div class=\"e-con-inner\">\n\t\t\t\t<div class=\"elementor-element elementor-element-a7a24a4 elementor-widget elementor-widget-heading\" data-id=\"a7a24a4\" data-element_type=\"widget\" data-widget_type=\"heading.default\">\n\t\t\t\t<div class=\"elementor-widget-container\">\n\t\t\t<h2 class=\"elementor-heading-title elementor-size-default\">CERVEZA<\/h2>\t\t<\/div>\n\t\t\t\t<\/div>\n\t\t\t\t\t<\/div>\n\t\t\t\t<\/div>\n\t\t<div class=\"elementor-element elementor-element-475d3f7 e-flex e-con-boxed e-con e-child\" data-id=\"475d3f7\" data-element_type=\"container\" data-settings=\"{&quot;background_background&quot;:&quot;classic&quot;}\">\n\t\t\t\t\t<div class=\"e-con-inner\">\n\t\t\t\t<div class=\"elementor-element elementor-element-353db71 elementor-widget elementor-widget-heading\" data-id=\"353db71\" data-element_type=\"widget\" data-widget_type=\"heading.default\">\n\t\t\t\t<div class=\"elementor-widget-container\">\n\t\t\t<h2 class=\"elementor-heading-title elementor-size-default\">vINOS<\/h2>\t\t<\/div>\n\t\t\t\t<\/div>\n\t\t\t\t\t<\/div>\n\t\t\t\t<\/div>\n\t\t<div class=\"elementor-element elementor-element-f2eb0d5 e-flex e-con-boxed e-con e-child\" data-id=\"f2eb0d5\" data-element_type=\"container\" data-settings=\"{&quot;background_background&quot;:&quot;classic&quot;}\">\n\t\t\t\t\t<div class=\"e-con-inner\">\n\t\t\t\t<div class=\"elementor-element elementor-element-6a05b58 elementor-widget elementor-widget-heading\" data-id=\"6a05b58\" data-element_type=\"widget\" data-widget_type=\"heading.default\">\n\t\t\t\t<div class=\"elementor-widget-container\">\n\t\t\t<h2 class=\"elementor-heading-title elementor-size-default\">MIXERS<\/h2>\t\t<\/div>\n\t\t\t\t<\/div>\n\t\t\t\t\t<\/div>\n\t\t\t\t<\/div>\n\t\t<div class=\"elementor-element elementor-element-6d6808e e-flex e-con-boxed e-con e-child\" data-id=\"6d6808e\" data-element_type=\"container\" data-settings=\"{&quot;background_background&quot;:&quot;classic&quot;}\">\n\t\t\t\t\t<div class=\"e-con-inner\">\n\t\t\t\t<div class=\"elementor-element elementor-element-7a660f0 elementor-widget elementor-widget-heading\" data-id=\"7a660f0\" data-element_type=\"widget\" data-widget_type=\"heading.default\">\n\t\t\t\t<div class=\"elementor-widget-container\">\n\t\t\t<h2 class=\"elementor-heading-title elementor-size-default\">CAF\u00c9 \nPREMIUM<\/h2>\t\t<\/div>\n\t\t\t\t<\/div>\n\t\t\t\t\t<\/div>\n\t\t\t\t<\/div>\n\t\t\t\t<\/div>\n\t\t<div class=\"elementor-element elementor-element-a92ea57 e-flex e-con-boxed e-con e-parent\" data-id=\"a92ea57\" data-element_type=\"container\">\n\t\t\t\t\t<div class=\"e-con-inner\">\n\t\t\t\t<div class=\"elementor-element elementor-element-715b7fc elementor-widget__width-initial elementor-widget elementor-widget-video\" data-id=\"715b7fc\" data-element_type=\"widget\" data-settings=\"{&quot;youtube_url&quot;:&quot;https:\\\/\\\/www.youtube.com\\\/watch?v=4OLM1wwF_mU&quot;,&quot;video_type&quot;:&quot;youtube&quot;,&quot;controls&quot;:&quot;yes&quot;}\" data-widget_type=\"video.default\">\n\t\t\t\t<div class=\"elementor-widget-container\">\n\t\t\t<style>\/*! elementor - v3.21.0 - 15-04-2024 *\/\n.elementor-widget-video .elementor-widget-container{overflow:hidden;transform:translateZ(0)}.elementor-widget-video .elementor-wrapper{aspect-ratio:var(--video-aspect-ratio)}.elementor-widget-video .elementor-wrapper iframe,.elementor-widget-video .elementor-wrapper video{height:100%;width:100%;display:flex;border:none;background-color:#000}@supports not (aspect-ratio:1\/1){.elementor-widget-video .elementor-wrapper{position:relative;overflow:hidden;height:0;padding-bottom:calc(100% \/ var(--video-aspect-ratio))}.elementor-widget-video .elementor-wrapper iframe,.elementor-widget-video .elementor-wrapper video{position:absolute;top:0;right:0;bottom:0;left:0}}.elementor-widget-video .elementor-open-inline .elementor-custom-embed-image-overlay{position:absolute;top:0;right:0;bottom:0;left:0;background-size:cover;background-position:50%}.elementor-widget-video .elementor-custom-embed-image-overlay{cursor:pointer;text-align:center}.elementor-widget-video .elementor-custom-embed-image-overlay:hover .elementor-custom-embed-play i{opacity:1}.elementor-widget-video .elementor-custom-embed-image-overlay img{display:block;width:100%;aspect-ratio:var(--video-aspect-ratio);-o-object-fit:cover;object-fit:cover;-o-object-position:center center;object-position:center center}@supports not (aspect-ratio:1\/1){.elementor-widget-video .elementor-custom-embed-image-overlay{position:relative;overflow:hidden;height:0;padding-bottom:calc(100% \/ var(--video-aspect-ratio))}.elementor-widget-video .elementor-custom-embed-image-overlay img{position:absolute;top:0;right:0;bottom:0;left:0}}.elementor-widget-video .e-hosted-video .elementor-video{-o-object-fit:cover;object-fit:cover}.e-con-inner>.elementor-widget-video,.e-con>.elementor-widget-video{width:var(--container-widget-width);--flex-grow:var(--container-widget-flex-grow)}<\/style>\t\t<div class=\"elementor-wrapper elementor-open-inline\">\n\t\t\t<div class=\"elementor-video\"><\/div>\t\t<\/div>\n\t\t\t\t<\/div>\n\t\t\t\t<\/div>\n\t\t\t\t\t<\/div>\n\t\t\t\t<\/div>\n\t\t<div class=\"elementor-element elementor-element-bea6676 e-con-full e-flex e-con e-parent\" data-id=\"bea6676\" data-element_type=\"container\">\n\t\t<div class=\"elementor-element elementor-element-99e164f e-flex e-con-boxed e-con e-child\" data-id=\"99e164f\" data-element_type=\"container\" data-settings=\"{&quot;background_background&quot;:&quot;classic&quot;}\">\n\t\t\t\t\t<div class=\"e-con-inner\">\n\t\t\t\t<div class=\"elementor-element elementor-element-282de81 elementor-widget elementor-widget-heading\" data-id=\"282de81\" data-element_type=\"widget\" data-widget_type=\"heading.default\">\n\t\t\t\t<div class=\"elementor-widget-container\">\n\t\t\t<h2 class=\"elementor-heading-title elementor-size-default\">\u00bfQu\u00e9 es\nThe Drinks Show?<\/h2>\t\t<\/div>\n\t\t\t\t<\/div>\n\t\t\t\t<div class=\"elementor-element elementor-element-d9f7522 elementor-widget elementor-widget-text-editor\" data-id=\"d9f7522\" data-element_type=\"widget\" data-widget_type=\"text-editor.default\">\n\t\t\t\t<div class=\"elementor-widget-container\">\n\t\t\t<style>\/*! elementor - v3.21.0 - 15-04-2024 *\/\n.elementor-widget-text-editor.elementor-drop-cap-view-stacked .elementor-drop-cap{background-color:#69727d;color:#fff}.elementor-widget-text-editor.elementor-drop-cap-view-framed .elementor-drop-cap{color:#69727d;border:3px solid;background-color:transparent}.elementor-widget-text-editor:not(.elementor-drop-cap-view-default) .elementor-drop-cap{margin-top:8px}.elementor-widget-text-editor:not(.elementor-drop-cap-view-default) .elementor-drop-cap-letter{width:1em;height:1em}.elementor-widget-text-editor .elementor-drop-cap{float:left;text-align:center;line-height:1;font-size:50px}.elementor-widget-text-editor .elementor-drop-cap-letter{display:inline-block}<\/style>\t\t\t\t<p>THE DRINKS SHOW es un encuentro internacional para profesionales de la hosteler\u00eda en el que innovaci\u00f3n y tendencias se unen para ofrecer una experiencia \u00fanica.<\/p>\t\t\t\t\t\t<\/div>\n\t\t\t\t<\/div>\n\t\t\t\t\t<\/div>\n\t\t\t\t<\/div>\n\t\t<div class=\"elementor-element elementor-element-82983a6 e-flex e-con-boxed e-con e-child\" data-id=\"82983a6\" data-element_type=\"container\" data-settings=\"{&quot;background_background&quot;:&quot;classic&quot;}\">\n\t\t\t\t\t<div class=\"e-con-inner\">\n\t\t\t\t<div class=\"elementor-element elementor-element-f88e96a elementor-widget elementor-widget-heading\" data-id=\"f88e96a\" data-element_type=\"widget\" data-widget_type=\"heading.default\">\n\t\t\t\t<div class=\"elementor-widget-container\">\n\t\t\t<h2 class=\"elementor-heading-title elementor-size-default\">\u00bfPor qu\u00e9\nvisitarnos?<\/h2>\t\t<\/div>\n\t\t\t\t<\/div>\n\t\t\t\t<div class=\"elementor-element elementor-element-8a3247e elementor-widget elementor-widget-text-editor\" data-id=\"8a3247e\" data-element_type=\"widget\" data-widget_type=\"text-editor.default\">\n\t\t\t\t<div class=\"elementor-widget-container\">\n\t\t\t\t\t\t\t<p>Te ofrecemos un nuevo mundo por descubrir y saborear. Somos especialistas en bebidas para profesionales del sector y abarcamos, desde destilados y cervezas, hasta mixers, vinos y caf\u00e9 premium.<\/p>\t\t\t\t\t\t<\/div>\n\t\t\t\t<\/div>\n\t\t\t\t\t<\/div>\n\t\t\t\t<\/div>\n\t\t\t\t<\/div>\n\t\t<div class=\"elementor-element elementor-element-ec4c2cb e-flex e-con-boxed e-con e-parent\" data-id=\"ec4c2cb\" data-element_type=\"container\">\n\t\t\t\t\t<div class=\"e-con-inner\">\n\t\t\t\t<div class=\"elementor-element elementor-element-f8ab891 elementor-widget elementor-widget-heading\" data-id=\"f8ab891\" data-element_type=\"widget\" data-widget_type=\"heading.default\">\n\t\t\t\t<div class=\"elementor-widget-container\">\n\t\t\t<h2 class=\"elementor-heading-title elementor-size-default\">Suscr\u00edbete a nuestra newsletter<\/h2>\t\t<\/div>\n\t\t\t\t<\/div>\n\t\t\t\t<div class=\"elementor-element elementor-element-2c249f2 elementor-widget__width-initial elementor-widget elementor-widget-shortcode\" data-id=\"2c249f2\" data-element_type=\"widget\" data-widget_type=\"shortcode.default\">\n\t\t\t\t<div class=\"elementor-widget-container\">\n\t\t\t\t\t<div class=\"elementor-shortcode\"><script>(function() {\n\twindow.mc4wp = window.mc4wp || {\n\t\tlisteners: [],\n\t\tforms: {\n\t\t\ton: function(evt, cb) {\n\t\t\t\twindow.mc4wp.listeners.push(\n\t\t\t\t\t{\n\t\t\t\t\t\tevent   : evt,\n\t\t\t\t\t\tcallback: cb\n\t\t\t\t\t}\n\t\t\t\t);\n\t\t\t}\n\t\t}\n\t}\n})();\n<\/script><!-- Mailchimp for WordPress v4.9.11 - https:\/\/wordpress.org\/plugins\/mailchimp-for-wp\/ --><form id=\"mc4wp-form-1\" class=\"mc4wp-form mc4wp-form-121\" method=\"post\" data-id=\"121\" data-name=\"Newsletter\" ><div class=\"mc4wp-form-fields\"><div style=\"display:none;\">\r\n   <input type=\"checkbox\" checked name=\"INTERESTS[c11e2fddbe][]\" value=\"435724dda4\"> <span>Profesionales Nueva Web TDS 2024<\/span>\r\n<\/div>\r\n<div style=\"display:flex\">\r\n  <input type=\"email\" name=\"EMAIL\" required \/>\r\n  <button type=\"submit\"><i class=\"eicon-envelope\"><\/i><\/button>\r\n<\/div>\r\n<div style=\"display:flex;justify-content:center;padding-top:10px;\">\r\n    <label><input type=\"checkbox\" name=\"AGREE_TO_TERMS\" value=\"1\" required=\"\">He le\u00eddo y acepto la Pol\u00edtica de Privacidad.<\/label>\r\n<\/div><\/div><label style=\"display: none !important;\">Deja vac\u00edo este campo si eres humano: <input type=\"text\" name=\"_mc4wp_honeypot\" value=\"\" tabindex=\"-1\" autocomplete=\"off\" \/><\/label><input type=\"hidden\" name=\"_mc4wp_timestamp\" value=\"1776517447\" \/><input type=\"hidden\" name=\"_mc4wp_form_id\" value=\"121\" \/><input type=\"hidden\" name=\"_mc4wp_form_element_id\" value=\"mc4wp-form-1\" \/><div class=\"mc4wp-response\"><\/div><\/form><!-- \/ Mailchimp for WordPress Plugin --><\/div>\n\t\t\t\t<\/div>\n\t\t\t\t<\/div>\n\t\t\t\t\t<\/div>\n\t\t\t\t<\/div>\n\t\t<div class=\"elementor-element elementor-element-5cd87c3 e-flex e-con-boxed e-con e-parent\" data-id=\"5cd87c3\" data-element_type=\"container\" data-settings=\"{&quot;background_background&quot;:&quot;classic&quot;}\">\n\t\t\t\t\t<div class=\"e-con-inner\">\n\t\t\t\t<div class=\"elementor-element elementor-element-8dbbf72 elementor-widget elementor-widget-heading\" data-id=\"8dbbf72\" data-element_type=\"widget\" data-widget_type=\"heading.default\">\n\t\t\t\t<div class=\"elementor-widget-container\">\n\t\t\t<h2 class=\"elementor-heading-title elementor-size-default\">Partners<\/h2>\t\t<\/div>\n\t\t\t\t<\/div>\n\t\t\t\t<div class=\"elementor-element elementor-element-d2efb3e elementor-widget-mobile__width-initial elementor-widget elementor-widget-image\" data-id=\"d2efb3e\" data-element_type=\"widget\" data-widget_type=\"image.default\">\n\t\t\t\t<div class=\"elementor-widget-container\">\n\t\t\t<style>\/*! elementor - v3.21.0 - 15-04-2024 *\/\n.elementor-widget-image{text-align:center}.elementor-widget-image a{display:inline-block}.elementor-widget-image a img[src$=\".svg\"]{width:48px}.elementor-widget-image img{vertical-align:middle;display:inline-block}<\/style>\t\t\t\t\t\t\t\t\t\t<img decoding=\"async\" src=\"https:\/\/thedrinks-show.com\/wp-content\/uploads\/elementor\/thumbs\/ayuntamiento-de-madrid-logo-vector@2x-qmst5amq0m8cb0axsoy8k3y3rzelskx1q2talku21m.png\" title=\"ayuntamiento-de-madrid-logo-vector@2x\" alt=\"ayuntamiento-de-madrid-logo-vector@2x\" loading=\"lazy\" \/>\t\t\t\t\t\t\t\t\t\t\t\t\t<\/div>\n\t\t\t\t<\/div>\n\t\t\t\t\t<\/div>\n\t\t\t\t<\/div>\n\t\t\t\t<\/div>\n\t\t","protected":false},"excerpt":{"rendered":"<p>The Drinks Show es un encuentro internacional para profesionales de la hosteler\u00eda en el que innovaci\u00f3n y tendencias se unen para ofrecer una experiencia \u00fanica. Vanguardia l\u00edquida de los sentidos DESTILADOS CERVEZA vINOS MIXERS CAF\u00c9 PREMIUM \u00bfQu\u00e9 es The Drinks Show? THE DRINKS SHOW es un encuentro internacional para profesionales de la hosteler\u00eda en el [&hellip;]<\/p>\n","protected":false},"author":1,"featured_media":0,"parent":0,"menu_order":0,"comment_status":"closed","ping_status":"closed","template":"","meta":{"footnotes":""},"yoast_head":"<!-- This site is optimized with the Yoast SEO plugin v22.4 - https:\/\/yoast.com\/wordpress\/plugins\/seo\/ -->\n<title>Home - The Drinks Show<\/title>\n<meta name=\"robots\" content=\"index, follow, max-snippet:-1, max-image-preview:large, max-video-preview:-1\" \/>\n<link rel=\"canonical\" href=\"https:\/\/thedrinks-show.com\/\" \/>\n<meta property=\"og:locale\" content=\"es_ES\" \/>\n<meta property=\"og:type\" content=\"article\" \/>\n<meta property=\"og:title\" content=\"Home - The Drinks Show\" \/>\n<meta property=\"og:description\" content=\"The Drinks Show es un encuentro internacional para profesionales de la hosteler\u00eda en el que innovaci\u00f3n y tendencias se unen para ofrecer una experiencia \u00fanica. Vanguardia l\u00edquida de los sentidos DESTILADOS CERVEZA vINOS MIXERS CAF\u00c9 PREMIUM \u00bfQu\u00e9 es The Drinks Show? THE DRINKS SHOW es un encuentro internacional para profesionales de la hosteler\u00eda en el [&hellip;]\" \/>\n<meta property=\"og:url\" content=\"https:\/\/thedrinks-show.com\/\" \/>\n<meta property=\"og:site_name\" content=\"The Drinks Show\" \/>\n<meta property=\"article:modified_time\" content=\"2024-06-05T10:25:39+00:00\" \/>\n<meta property=\"og:image\" content=\"https:\/\/thedrinks-show.com\/wp-content\/uploads\/elementor\/thumbs\/ayuntamiento-de-madrid-logo-vector@2x-qmst5amq0m8cb0axsoy8k3y3rzelskx1q2talku21w.png\" \/>\n<meta name=\"twitter:card\" content=\"summary_large_image\" \/>\n<meta name=\"twitter:label1\" content=\"Tiempo de lectura\" \/>\n\t<meta name=\"twitter:data1\" content=\"1 minuto\" \/>\n<script type=\"application\/ld+json\" class=\"yoast-schema-graph\">{\"@context\":\"https:\/\/schema.org\",\"@graph\":[{\"@type\":\"WebPage\",\"@id\":\"https:\/\/thedrinks-show.com\/\",\"url\":\"https:\/\/thedrinks-show.com\/\",\"name\":\"Home - The Drinks Show\",\"isPartOf\":{\"@id\":\"https:\/\/thedrinks-show.com\/#website\"},\"primaryImageOfPage\":{\"@id\":\"https:\/\/thedrinks-show.com\/#primaryimage\"},\"image\":{\"@id\":\"https:\/\/thedrinks-show.com\/#primaryimage\"},\"thumbnailUrl\":\"https:\/\/thedrinks-show.com\/wp-content\/uploads\/elementor\/thumbs\/ayuntamiento-de-madrid-logo-vector@2x-qmst5amq0m8cb0axsoy8k3y3rzelskx1q2talku21w.png\",\"datePublished\":\"2024-04-16T04:55:23+00:00\",\"dateModified\":\"2024-06-05T10:25:39+00:00\",\"breadcrumb\":{\"@id\":\"https:\/\/thedrinks-show.com\/#breadcrumb\"},\"inLanguage\":\"es\",\"potentialAction\":[{\"@type\":\"ReadAction\",\"target\":[\"https:\/\/thedrinks-show.com\/\"]}]},{\"@type\":\"ImageObject\",\"inLanguage\":\"es\",\"@id\":\"https:\/\/thedrinks-show.com\/#primaryimage\",\"url\":\"https:\/\/thedrinks-show.com\/wp-content\/uploads\/elementor\/thumbs\/ayuntamiento-de-madrid-logo-vector@2x-qmst5amq0m8cb0axsoy8k3y3rzelskx1q2talku21w.png\",\"contentUrl\":\"https:\/\/thedrinks-show.com\/wp-content\/uploads\/elementor\/thumbs\/ayuntamiento-de-madrid-logo-vector@2x-qmst5amq0m8cb0axsoy8k3y3rzelskx1q2talku21w.png\"},{\"@type\":\"BreadcrumbList\",\"@id\":\"https:\/\/thedrinks-show.com\/#breadcrumb\",\"itemListElement\":[{\"@type\":\"ListItem\",\"position\":1,\"name\":\"Portada\",\"item\":\"https:\/\/thedrinks-show.com\/\"},{\"@type\":\"ListItem\",\"position\":2,\"name\":\"Home\"}]},{\"@type\":\"WebSite\",\"@id\":\"https:\/\/thedrinks-show.com\/#website\",\"url\":\"https:\/\/thedrinks-show.com\/\",\"name\":\"The Drinks Show\",\"description\":\"Just another WordPress site\",\"publisher\":{\"@id\":\"https:\/\/thedrinks-show.com\/#organization\"},\"potentialAction\":[{\"@type\":\"SearchAction\",\"target\":{\"@type\":\"EntryPoint\",\"urlTemplate\":\"https:\/\/thedrinks-show.com\/?s={search_term_string}\"},\"query-input\":\"required name=search_term_string\"}],\"inLanguage\":\"es\"},{\"@type\":\"Organization\",\"@id\":\"https:\/\/thedrinks-show.com\/#organization\",\"name\":\"The Drinks Show\",\"url\":\"https:\/\/thedrinks-show.com\/\",\"logo\":{\"@type\":\"ImageObject\",\"inLanguage\":\"es\",\"@id\":\"https:\/\/thedrinks-show.com\/#\/schema\/logo\/image\/\",\"url\":\"https:\/\/thedrinks-show.com\/wp-content\/uploads\/2024\/04\/logo.jpg\",\"contentUrl\":\"https:\/\/thedrinks-show.com\/wp-content\/uploads\/2024\/04\/logo.jpg\",\"width\":174,\"height\":174,\"caption\":\"The Drinks Show\"},\"image\":{\"@id\":\"https:\/\/thedrinks-show.com\/#\/schema\/logo\/image\/\"}}]}<\/script>\n<!-- \/ Yoast SEO plugin. -->","yoast_head_json":{"title":"Home - The Drinks Show","robots":{"index":"index","follow":"follow","max-snippet":"max-snippet:-1","max-image-preview":"max-image-preview:large","max-video-preview":"max-video-preview:-1"},"canonical":"https:\/\/thedrinks-show.com\/","og_locale":"es_ES","og_type":"article","og_title":"Home - The Drinks Show","og_description":"The Drinks Show es un encuentro internacional para profesionales de la hosteler\u00eda en el que innovaci\u00f3n y tendencias se unen para ofrecer una experiencia \u00fanica. Vanguardia l\u00edquida de los sentidos DESTILADOS CERVEZA vINOS MIXERS CAF\u00c9 PREMIUM \u00bfQu\u00e9 es The Drinks Show? THE DRINKS SHOW es un encuentro internacional para profesionales de la hosteler\u00eda en el [&hellip;]","og_url":"https:\/\/thedrinks-show.com\/","og_site_name":"The Drinks Show","article_modified_time":"2024-06-05T10:25:39+00:00","og_image":[{"url":"https:\/\/thedrinks-show.com\/wp-content\/uploads\/elementor\/thumbs\/ayuntamiento-de-madrid-logo-vector@2x-qmst5amq0m8cb0axsoy8k3y3rzelskx1q2talku21w.png"}],"twitter_card":"summary_large_image","twitter_misc":{"Tiempo de lectura":"1 minuto"},"schema":{"@context":"https:\/\/schema.org","@graph":[{"@type":"WebPage","@id":"https:\/\/thedrinks-show.com\/","url":"https:\/\/thedrinks-show.com\/","name":"Home - The Drinks Show","isPartOf":{"@id":"https:\/\/thedrinks-show.com\/#website"},"primaryImageOfPage":{"@id":"https:\/\/thedrinks-show.com\/#primaryimage"},"image":{"@id":"https:\/\/thedrinks-show.com\/#primaryimage"},"thumbnailUrl":"https:\/\/thedrinks-show.com\/wp-content\/uploads\/elementor\/thumbs\/ayuntamiento-de-madrid-logo-vector@2x-qmst5amq0m8cb0axsoy8k3y3rzelskx1q2talku21w.png","datePublished":"2024-04-16T04:55:23+00:00","dateModified":"2024-06-05T10:25:39+00:00","breadcrumb":{"@id":"https:\/\/thedrinks-show.com\/#breadcrumb"},"inLanguage":"es","potentialAction":[{"@type":"ReadAction","target":["https:\/\/thedrinks-show.com\/"]}]},{"@type":"ImageObject","inLanguage":"es","@id":"https:\/\/thedrinks-show.com\/#primaryimage","url":"https:\/\/thedrinks-show.com\/wp-content\/uploads\/elementor\/thumbs\/ayuntamiento-de-madrid-logo-vector@2x-qmst5amq0m8cb0axsoy8k3y3rzelskx1q2talku21w.png","contentUrl":"https:\/\/thedrinks-show.com\/wp-content\/uploads\/elementor\/thumbs\/ayuntamiento-de-madrid-logo-vector@2x-qmst5amq0m8cb0axsoy8k3y3rzelskx1q2talku21w.png"},{"@type":"BreadcrumbList","@id":"https:\/\/thedrinks-show.com\/#breadcrumb","itemListElement":[{"@type":"ListItem","position":1,"name":"Portada","item":"https:\/\/thedrinks-show.com\/"},{"@type":"ListItem","position":2,"name":"Home"}]},{"@type":"WebSite","@id":"https:\/\/thedrinks-show.com\/#website","url":"https:\/\/thedrinks-show.com\/","name":"The Drinks Show","description":"Just another WordPress site","publisher":{"@id":"https:\/\/thedrinks-show.com\/#organization"},"potentialAction":[{"@type":"SearchAction","target":{"@type":"EntryPoint","urlTemplate":"https:\/\/thedrinks-show.com\/?s={search_term_string}"},"query-input":"required name=search_term_string"}],"inLanguage":"es"},{"@type":"Organization","@id":"https:\/\/thedrinks-show.com\/#organization","name":"The Drinks Show","url":"https:\/\/thedrinks-show.com\/","logo":{"@type":"ImageObject","inLanguage":"es","@id":"https:\/\/thedrinks-show.com\/#\/schema\/logo\/image\/","url":"https:\/\/thedrinks-show.com\/wp-content\/uploads\/2024\/04\/logo.jpg","contentUrl":"https:\/\/thedrinks-show.com\/wp-content\/uploads\/2024\/04\/logo.jpg","width":174,"height":174,"caption":"The Drinks Show"},"image":{"@id":"https:\/\/thedrinks-show.com\/#\/schema\/logo\/image\/"}}]}},"_links":{"self":[{"href":"https:\/\/thedrinks-show.com\/index.php?rest_route=\/wp\/v2\/pages\/4"}],"collection":[{"href":"https:\/\/thedrinks-show.com\/index.php?rest_route=\/wp\/v2\/pages"}],"about":[{"href":"https:\/\/thedrinks-show.com\/index.php?rest_route=\/wp\/v2\/types\/page"}],"author":[{"embeddable":true,"href":"https:\/\/thedrinks-show.com\/index.php?rest_route=\/wp\/v2\/users\/1"}],"replies":[{"embeddable":true,"href":"https:\/\/thedrinks-show.com\/index.php?rest_route=%2Fwp%2Fv2%2Fcomments&post=4"}],"version-history":[{"count":94,"href":"https:\/\/thedrinks-show.com\/index.php?rest_route=\/wp\/v2\/pages\/4\/revisions"}],"predecessor-version":[{"id":159,"href":"https:\/\/thedrinks-show.com\/index.php?rest_route=\/wp\/v2\/pages\/4\/revisions\/159"}],"wp:attachment":[{"href":"https:\/\/thedrinks-show.com\/index.php?rest_route=%2Fwp%2Fv2%2Fmedia&parent=4"}],"curies":[{"name":"wp","href":"https:\/\/api.w.org\/{rel}","templated":true}]}}